{"id":9,"date":"2020-12-05T18:36:38","date_gmt":"2020-12-05T17:36:38","guid":{"rendered":"http:\/\/kapass.me\/?page_id=9"},"modified":"2021-10-20T12:06:28","modified_gmt":"2021-10-20T10:06:28","slug":"accueil","status":"publish","type":"page","link":"https:\/\/kapass.me\/","title":{"rendered":"Accueil"},"content":{"rendered":"<p>[et_pb_section fb_built=\u00a0\u00bb1&Prime; _builder_version=\u00a0\u00bb4.7.4&Prime; _module_preset=\u00a0\u00bbdefault\u00a0\u00bb global_colors_info=\u00a0\u00bb{}\u00a0\u00bb][et_pb_row _builder_version=\u00a0\u00bb4.7.4&Prime; _module_preset=\u00a0\u00bbdefault\u00a0\u00bb global_colors_info=\u00a0\u00bb{}\u00a0\u00bb][et_pb_column type=\u00a0\u00bb4_4&Prime; _builder_version=\u00a0\u00bb4.7.4&Prime; _module_preset=\u00a0\u00bbdefault\u00a0\u00bb global_colors_info=\u00a0\u00bb{}\u00a0\u00bb][et_pb_text _builder_version=\u00a0\u00bb4.7.4&Prime; _module_preset=\u00a0\u00bbdefault\u00a0\u00bb custom_margin=\u00a0\u00bb13px||||false|false\u00a0\u00bb global_colors_info=\u00a0\u00bb{}\u00a0\u00bb]<\/p>\n<h1 style=\"text-align: center;\"><strong>KaPass Skill Management System<\/strong><\/h1>\n<p>[\/et_pb_text][\/et_pb_column][\/et_pb_row][et_pb_row _builder_version=\u00a0\u00bb4.7.4&Prime; _module_preset=\u00a0\u00bbdefault\u00a0\u00bb global_colors_info=\u00a0\u00bb{}\u00a0\u00bb][et_pb_column type=\u00a0\u00bb4_4&Prime; _builder_version=\u00a0\u00bb4.7.4&Prime; _module_preset=\u00a0\u00bbdefault\u00a0\u00bb global_colors_info=\u00a0\u00bb{}\u00a0\u00bb][et_pb_image src=\u00a0\u00bbhttps:\/\/kapass.me\/wp-content\/uploads\/2020\/12\/Apprentissage.png\u00a0\u00bb title_text=\u00a0\u00bbApprentissage\u00a0\u00bb _builder_version=\u00a0\u00bb4.7.4&Prime; _module_preset=\u00a0\u00bbdefault\u00a0\u00bb global_colors_info=\u00a0\u00bb{}\u00a0\u00bb][\/et_pb_image][\/et_pb_column][\/et_pb_row][et_pb_row column_structure=\u00a0\u00bb1_2,1_2&Prime; _builder_version=\u00a0\u00bb4.10.7&Prime; _module_preset=\u00a0\u00bbdefault\u00a0\u00bb global_colors_info=\u00a0\u00bb{}\u00a0\u00bb][et_pb_column type=\u00a0\u00bb1_2&Prime; _builder_version=\u00a0\u00bb4.7.4&Prime; _module_preset=\u00a0\u00bbdefault\u00a0\u00bb global_colors_info=\u00a0\u00bb{}\u00a0\u00bb][et_pb_code _builder_version=\u00a0\u00bb4.11.3&Prime; _module_preset=\u00a0\u00bbdefault\u00a0\u00bb global_colors_info=\u00a0\u00bb{}\u00a0\u00bb]Se connecter sur SMS<!-- [et_pb_line_break_holder] --><script type=\"text\/javascript\" src=\"https:\/\/c1dcr254.caspio.com\/dp\/ad4490006312c3c9ef29485f950d\/emb\"><\/script><div id=\"cxkg\"><a href=\"https:\/\/c1dcr254.caspio.com\/dp\/ad4490006312c3c9ef29485f950d\">Click here<\/a> to load this Caspio <a href=\"http:\/\/www.caspio.com\" title=\"Online Database\">Online Database<\/a>.<\/div>[\/et_pb_code][\/et_pb_column][et_pb_column type=\u00a0\u00bb1_2&Prime; _builder_version=\u00a0\u00bb4.10.7&Prime; _module_preset=\u00a0\u00bbdefault\u00a0\u00bb global_colors_info=\u00a0\u00bb{}\u00a0\u00bb][et_pb_text _builder_version=\u00a0\u00bb4.10.7&Prime; _module_preset=\u00a0\u00bbdefault\u00a0\u00bb global_colors_info=\u00a0\u00bb{}\u00a0\u00bb]<\/p>\n<p style=\"text-align: justify;\"><strong>KaPass Skill Management System <\/strong>est l&rsquo;outil de construction et de maintenance des <strong>r\u00e9f\u00e9rentiels de comp\u00e9tences et <\/strong><strong>d\u2019\u00e9valuations <\/strong>de KaPass<strong>.<\/strong><\/p>\n<p>Si vous d\u00e9sirez vous rendre sur la notre plateforme de cours, veuillez cliquer sur le lien ci dessous:<\/p>\n<h3 style=\"text-align: center;\"><a href=\"https:\/\/kapass.academy\/index.php\/cluevo\/lms\/kapass-lms\/\" title=\"KaPass Academy\">kapass.academy<\/a><\/h3>\n<p>[\/et_pb_text][\/et_pb_column][\/et_pb_row][et_pb_row _builder_version=\u00a0\u00bb4.7.7&Prime; _module_preset=\u00a0\u00bbdefault\u00a0\u00bb global_colors_info=\u00a0\u00bb{}\u00a0\u00bb][et_pb_column type=\u00a0\u00bb4_4&Prime; _builder_version=\u00a0\u00bb4.7.7&Prime; _module_preset=\u00a0\u00bbdefault\u00a0\u00bb global_colors_info=\u00a0\u00bb{}\u00a0\u00bb][et_pb_text _builder_version=\u00a0\u00bb4.11.3&Prime; _module_preset=\u00a0\u00bbdefault\u00a0\u00bb hover_enabled=\u00a0\u00bb0&Prime; global_colors_info=\u00a0\u00bb{}\u00a0\u00bb sticky_enabled=\u00a0\u00bb0&Prime;]<\/p>\n<p><a href=\"wp-login\" title=\"Se connecter pour un acc\u00e8s aux modules\">Se connecter pour un acc\u00e8s aux modules<\/a><\/p>\n<p><a href=\"https:\/\/kapass.me\/index.php\/password-reinit\" title=\"Mot de pass oubli\u00e9\">Mot de passe oubli\u00e9<\/a><\/p>\n<p>&nbsp;<\/p>\n<p>[\/et_pb_text][\/et_pb_column][\/et_pb_row][\/et_pb_section]<\/p>\n","protected":false},"excerpt":{"rendered":"<p>KaPass Skill Management SystemSe connecter sur SMS<script type=\"text\/javascript\" src=\"https:\/\/c1dcr254.caspio.com\/dp\/ad4490006312c3c9ef29485f950d\/emb\"><\/script><div id=\"cxkg\"><a href=\"https:\/\/c1dcr254.caspio.com\/dp\/ad4490006312c3c9ef29485f950d\">Click here<\/a> to load this Caspio <a href=\"http:\/\/www.caspio.com\" title=\"Online Database\">Online Database<\/a>.<\/div>KaPass Skill Management System est l&rsquo;outil de construction et de maintenance des r\u00e9f\u00e9rentiels de comp\u00e9tences et d\u2019\u00e9valuations de KaPass. Si vous d\u00e9sirez vous rendre sur la notre plateforme de cours, veuillez cliquer sur le lien ci dessous: kapass.academySe connecter pour un acc\u00e8s aux modules [&hellip;]<\/p>\n","protected":false},"author":2,"featured_media":0,"parent":0,"menu_order":0,"comment_status":"closed","ping_status":"closed","template":"","meta":{"_et_pb_use_builder":"on","_et_pb_old_content":"","_et_gb_content_width":"","inline_featured_image":false,"footnotes":""},"class_list":["post-9","page","type-page","status-publish","hentry"],"_links":{"self":[{"href":"https:\/\/kapass.me\/index.php\/wp-json\/wp\/v2\/pages\/9","targetHints":{"allow":["GET"]}}],"collection":[{"href":"https:\/\/kapass.me\/index.php\/wp-json\/wp\/v2\/pages"}],"about":[{"href":"https:\/\/kapass.me\/index.php\/wp-json\/wp\/v2\/types\/page"}],"author":[{"embeddable":true,"href":"https:\/\/kapass.me\/index.php\/wp-json\/wp\/v2\/users\/2"}],"replies":[{"embeddable":true,"href":"https:\/\/kapass.me\/index.php\/wp-json\/wp\/v2\/comments?post=9"}],"version-history":[{"count":28,"href":"https:\/\/kapass.me\/index.php\/wp-json\/wp\/v2\/pages\/9\/revisions"}],"predecessor-version":[{"id":792,"href":"https:\/\/kapass.me\/index.php\/wp-json\/wp\/v2\/pages\/9\/revisions\/792"}],"wp:attachment":[{"href":"https:\/\/kapass.me\/index.php\/wp-json\/wp\/v2\/media?parent=9"}],"curies":[{"name":"wp","href":"https:\/\/api.w.org\/{rel}","templated":true}]}}